{"id":4425,"date":"2023-10-24T07:26:48","date_gmt":"2023-10-24T07:26:48","guid":{"rendered":"https:\/\/tradehubglobal.com\/index.php\/product\/blumen-jabon-liquido-antibacterial-clear\/"},"modified":"2023-10-24T07:26:48","modified_gmt":"2023-10-24T07:26:48","slug":"blumen-jabon-liquido-antibacterial-clear","status":"publish","type":"product","link":"https:\/\/tradehubglobal.com\/index.php\/product\/blumen-jabon-liquido-antibacterial-clear\/","title":{"rendered":"Blumen Jabon Liquido Antibacterial Clear"},"content":{"rendered":"<p>Trabajamos intensamente en la disposici\u00f3n de los productos, implementando las habilidades adquiridas durante las experiencias. Nos fijamos est\u00e1ndares de calidad extremadamente altos y un gran esp\u00edritu de iniciativa.<\/p>\n","protected":false},"excerpt":{"rendered":"<p>Trabajamos intensamente en la disposici\u00f3n de los productos, implementando las habilidades adquiridas durante las experiencias. Nos fijamos est\u00e1ndares de calidad extremadamente altos y un gran esp\u00edritu de iniciativa.<\/p>\n","protected":false},"featured_media":4414,"template":"","meta":[],"product_cat":[171,166,173,172],"product_tag":[],"acf":[],"aioseo_notices":[],"_links":{"self":[{"href":"https:\/\/tradehubglobal.com\/index.php\/wp-json\/wp\/v2\/product\/4425"}],"collection":[{"href":"https:\/\/tradehubglobal.com\/index.php\/wp-json\/wp\/v2\/product"}],"about":[{"href":"https:\/\/tradehubglobal.com\/index.php\/wp-json\/wp\/v2\/types\/product"}],"wp:featuredmedia":[{"embeddable":true,"href":"https:\/\/tradehubglobal.com\/index.php\/wp-json\/wp\/v2\/media\/4414"}],"wp:attachment":[{"href":"https:\/\/tradehubglobal.com\/index.php\/wp-json\/wp\/v2\/media?parent=4425"}],"wp:term":[{"taxonomy":"product_cat","embeddable":true,"href":"https:\/\/tradehubglobal.com\/index.php\/wp-json\/wp\/v2\/product_cat?post=4425"},{"taxonomy":"product_tag","embeddable":true,"href":"https:\/\/tradehubglobal.com\/index.php\/wp-json\/wp\/v2\/product_tag?post=4425"}],"curies":[{"name":"wp","href":"https:\/\/api.w.org\/{rel}","templated":true}]}}